{"id":58,"date":"2020-09-04T17:37:56","date_gmt":"2020-09-04T15:37:56","guid":{"rendered":"https:\/\/www.campanilesrl.it\/index.php\/home\/"},"modified":"2020-10-26T10:30:34","modified_gmt":"2020-10-26T09:30:34","slug":"home","status":"publish","type":"page","link":"https:\/\/www.campanilesrl.it\/","title":{"rendered":"Home"},"content":{"rendered":"\n<p>&nbsp;<\/p>\n<p style=\"font-size: 120%;\">Campanile srl \u00e8 un&#8217;azienda che ha oltre 45 anni di storia, nasce nel lontano 1975 come ditta individuale per trasformarsi in Societ\u00e0 nell\u2019agosto del 2005.<\/p>\n<p style=\"font-size: 120%;\">L&#8217;obbiettivo dell\u2019Azienda \u00e8 quello di commercializzare lubrificanti e prodotti affini nei settori autotrazione, movimento terra, agricoltura, nautica e competizione.<\/p>\n<p style=\"font-size: 120%;\">Quello che ci ha contraddistinto \u00e8 la seriet\u00e0, la qualit\u00e0 dei prodotti, il servizio offerto e l\u2019attenzione alle innovazioni, proponendo sempre prodotti di Societ\u00e0 petrolifere di fama mondiale e non.<\/p>\n<p style=\"font-size: 120%;\">Questo \u00e8 stato sempre il nostro modo di concepire l&#8217;azienda.<\/p>\n","protected":false},"excerpt":{"rendered":"<p>&nbsp; Campanile srl \u00e8 un&#8217;azienda che ha oltre 45 anni di storia, nasce nel lontano 1975 come ditta individuale per trasformarsi in Societ\u00e0 nell\u2019agosto del 2005. L&#8217;obbiettivo dell\u2019Azienda \u00e8 quello &#8230;<\/p>\n","protected":false},"author":1,"featured_media":0,"parent":0,"menu_order":0,"comment_status":"closed","ping_status":"closed","template":"","meta":[],"_links":{"self":[{"href":"https:\/\/www.campanilesrl.it\/index.php\/wp-json\/wp\/v2\/pages\/58"}],"collection":[{"href":"https:\/\/www.campanilesrl.it\/index.php\/wp-json\/wp\/v2\/pages"}],"about":[{"href":"https:\/\/www.campanilesrl.it\/index.php\/wp-json\/wp\/v2\/types\/page"}],"author":[{"embeddable":true,"href":"https:\/\/www.campanilesrl.it\/index.php\/wp-json\/wp\/v2\/users\/1"}],"replies":[{"embeddable":true,"href":"https:\/\/www.campanilesrl.it\/index.php\/wp-json\/wp\/v2\/comments?post=58"}],"version-history":[{"count":2,"href":"https:\/\/www.campanilesrl.it\/index.php\/wp-json\/wp\/v2\/pages\/58\/revisions"}],"predecessor-version":[{"id":166,"href":"https:\/\/www.campanilesrl.it\/index.php\/wp-json\/wp\/v2\/pages\/58\/revisions\/166"}],"wp:attachment":[{"href":"https:\/\/www.campanilesrl.it\/index.php\/wp-json\/wp\/v2\/media?parent=58"}],"curies":[{"name":"wp","href":"https:\/\/api.w.org\/{rel}","templated":true}]}}